{"id":2340,"date":"2025-01-26T15:40:59","date_gmt":"2025-01-26T15:40:59","guid":{"rendered":"https:alintek.lv\/?post_type=product&#038;p=2340"},"modified":"2025-03-05T14:47:18","modified_gmt":"2025-03-05T14:47:18","slug":"stenhoj-sharklift-4-55-f-480","status":"publish","type":"product","link":"https:\/\/alintek.lv\/en\/product\/stenhoj-sharklift-4-55-f-480\/","title":{"rendered":"Stenhoj Sharklift 4.55 F 480"},"content":{"rendered":"<p>Gr\u012bd\u0101 ieb\u016bv\u0113jams 4 cilindru pac\u0113l\u0101js ar platform\u0101m Stenhoj Sharklift 4.55 F 480<\/p>\n<p>Divi atsevi\u0161\u0137i hidrauliskie bloki ar hrom\u0113tiem cilindriem<\/p>\n<p>Elektriska sinhroniz\u0101cija un programm\u0113jam aug\u0161\u0113jais apst\u0101\u0161an\u0101s punkts<\/p>\n<p>Elast\u012bga sinhroniz\u0101cija un dro\u0161\u012bbas sist\u0113ma<\/p>\n<p>Ner\u016bs\u0113jo\u0161as cilindru vad\u012bklas<\/p>\n<p>Hidraulisks s\u016bknis ar iegremd\u0113tu motoru<\/p>\n<p>Ekolo\u0123isks hidrauliskais \u0161\u0137idrums<\/p>\n<p>Pneimatiska \u0101rk\u0101rtas nolai\u0161ana<\/p>\n<p>Programm\u0113jams kontroles paneles ar vad\u012bbas pog\u0101m<\/p>\n<p>Zem\u0113 iegremd\u0113ta \u0161\u0137idrumu notur\u012bga dzelzs kasete<\/p>\n<p>Varianti:<\/p>\n<p>Galvaniz\u0113ta kasete<\/p>\n<p>Kasete ar p\u0101rkl\u0101jumu<\/p>\n<p>Papildus apr\u012bkojums:<\/p>\n<p>LED apgaismojuma komplekts<\/p>\n<p>Prec\u012bzas br\u012bvkust\u012bbu pl\u0101tnes<\/p>\n<p>Ieb\u016bv\u0113ts \u0161\u0137\u0113rveida pac\u0113l\u0101js<\/p>\n<p>Cinka p\u0101rkl\u0101jums un kr\u0101sojums p\u0113c pas\u016bt\u012bjuma<\/p>\n<p>&nbsp;<\/p>\n","protected":false},"excerpt":{"rendered":"<p>Gr\u012bd\u0101 ieb\u016bv\u0113jams 4 cilindru pac\u0113l\u0101js ar platform\u0101m, 5.5t celtsp\u0113ja<\/p>\n","protected":false},"featured_media":1449,"template":"","meta":[],"product_brand":[462],"product_cat":[25],"product_tag":[],"class_list":{"0":"post-2340","1":"product","2":"type-product","3":"status-publish","4":"has-post-thumbnail","6":"product_brand-stenhoj","7":"product_cat-grida-iebuvetie-pacelaji","9":"first","10":"instock","11":"taxable","12":"shipping-taxable","13":"product-type-simple"},"_links":{"self":[{"href":"https:\/\/alintek.lv\/en\/wp-json\/wp\/v2\/product\/2340","targetHints":{"allow":["GET"]}}],"collection":[{"href":"https:\/\/alintek.lv\/en\/wp-json\/wp\/v2\/product"}],"about":[{"href":"https:\/\/alintek.lv\/en\/wp-json\/wp\/v2\/types\/product"}],"wp:featuredmedia":[{"embeddable":true,"href":"https:\/\/alintek.lv\/en\/wp-json\/wp\/v2\/media\/1449"}],"wp:attachment":[{"href":"https:\/\/alintek.lv\/en\/wp-json\/wp\/v2\/media?parent=2340"}],"wp:term":[{"taxonomy":"product_brand","embeddable":true,"href":"https:\/\/alintek.lv\/en\/wp-json\/wp\/v2\/product_brand?post=2340"},{"taxonomy":"product_cat","embeddable":true,"href":"https:\/\/alintek.lv\/en\/wp-json\/wp\/v2\/product_cat?post=2340"},{"taxonomy":"product_tag","embeddable":true,"href":"https:\/\/alintek.lv\/en\/wp-json\/wp\/v2\/product_tag?post=2340"}],"curies":[{"name":"wp","href":"https:\/\/api.w.org\/{rel}","templated":true}]}}