{"id":6229,"date":"2025-03-25T10:02:06","date_gmt":"2025-03-25T10:02:06","guid":{"rendered":"https:\/\/alintek.lv\/?post_type=product&#038;p=6229"},"modified":"2025-03-25T10:05:52","modified_gmt":"2025-03-25T10:05:52","slug":"augstpiediena-mazgasanas-stobrs-ar-rotejosu-sprauslu","status":"publish","type":"product","link":"https:\/\/alintek.lv\/en\/product\/augstpiediena-mazgasanas-stobrs-ar-rotejosu-sprauslu\/","title":{"rendered":"Augstpiediena mazg\u0101\u0161anas stobrs ar rot\u0113jo\u0161u sprauslu"},"content":{"rendered":"<p>Augstpiediena mazg\u0101\u0161anas stobrs ar rot\u0113jo\u0161u sprauslu<\/p>\n<p>KW \u0101trais savienojums, M<\/p>\n<p>Stobrs ar ventil\u0113tu rokturi<\/p>\n<p>Maks. spiediens 200-400bar<\/p>\n<p>Maks. temperat\u016bra 100\u00b0C<\/p>\n","protected":false},"excerpt":{"rendered":"<p>Augstpiediena mazg\u0101\u0161anas stobrs ar rot\u0113jo\u0161u sprauslu KW \u0101trais savienojums, M Stobrs ar ventil\u0113tu rokturi Maks. spiediens 200-400bar Maks. temperat\u016bra 100\u00b0C<\/p>\n","protected":false},"featured_media":6232,"template":"","meta":[],"product_brand":[657],"product_cat":[652],"product_tag":[],"class_list":{"0":"post-6229","1":"product","2":"type-product","3":"status-publish","4":"has-post-thumbnail","6":"product_brand-rm","7":"product_cat-papildus-aprikojums","9":"first","10":"onbackorder","11":"taxable","12":"shipping-taxable","13":"product-type-simple"},"_links":{"self":[{"href":"https:\/\/alintek.lv\/en\/wp-json\/wp\/v2\/product\/6229","targetHints":{"allow":["GET"]}}],"collection":[{"href":"https:\/\/alintek.lv\/en\/wp-json\/wp\/v2\/product"}],"about":[{"href":"https:\/\/alintek.lv\/en\/wp-json\/wp\/v2\/types\/product"}],"wp:featuredmedia":[{"embeddable":true,"href":"https:\/\/alintek.lv\/en\/wp-json\/wp\/v2\/media\/6232"}],"wp:attachment":[{"href":"https:\/\/alintek.lv\/en\/wp-json\/wp\/v2\/media?parent=6229"}],"wp:term":[{"taxonomy":"product_brand","embeddable":true,"href":"https:\/\/alintek.lv\/en\/wp-json\/wp\/v2\/product_brand?post=6229"},{"taxonomy":"product_cat","embeddable":true,"href":"https:\/\/alintek.lv\/en\/wp-json\/wp\/v2\/product_cat?post=6229"},{"taxonomy":"product_tag","embeddable":true,"href":"https:\/\/alintek.lv\/en\/wp-json\/wp\/v2\/product_tag?post=6229"}],"curies":[{"name":"wp","href":"https:\/\/api.w.org\/{rel}","templated":true}]}}